{"id":20,"date":"2021-05-10T10:56:12","date_gmt":"2021-05-10T08:56:12","guid":{"rendered":"https:\/\/www.elektronik-menzel.de\/?page_id=20"},"modified":"2021-05-10T15:18:32","modified_gmt":"2021-05-10T13:18:32","slug":"unsere-leistungen","status":"publish","type":"page","link":"https:\/\/www.elektronik-menzel.de\/?page_id=20","title":{"rendered":"Unsere Leistungen"},"content":{"rendered":"\n<p>Wir sind Vertragswerkstatt f\u00fcr eine Vielzahl von Markenherstellern, insbesondere in den Bereichen Medizintechnik und Heimelektronik.<\/p>\n\n\n\n<p>Wir bieten Ihnen Reparatur- und Wartungsleistungen f\u00fcr:<\/p>\n\n\n\n<ul class=\"wp-block-list\"><li>Laserbehandlungsger\u00e4te<\/li><li>Magnettherapieger\u00e4te<\/li><li>LCD-Fernseher und R\u00f6hrenger\u00e4te<\/li><li>DVD-Player und Videorecorder<\/li><li>Verst\u00e4rker und anderes Audioequipment<\/li><li>B\u00fchnen- und Veranstaltungstechnik<\/li><li>TFT-Displays, Monitore und Beamer<\/li><li>Camcorder<\/li><li>Computer und Spiele-Konsolen<\/li><li>sonstige Unterhaltungselektronik und vieles mehr<\/li><\/ul>\n\n\n\n<p>Sollte Ihr Ger\u00e4t hier nicht aufgef\u00fchrt sein, nehmen Sie einfach Kontakt zu uns auf. <\/p>\n\n\n\n<p>Rufen Sie uns einfach an <a href=\"tel:+49-36427-71790\">+49-36427-71790<\/a> oder schreiben Sie uns unter <a rel=\"noreferrer noopener\" href=\"mailto:kontakt@elektronik-menzel.de\" target=\"_blank\">kontakt@elektronik-menzel.de<\/a>.<\/p>\n\n\n\n<p>Wir finden auch f\u00fcr Sie eine passende L\u00f6sung.<\/p>\n","protected":false},"excerpt":{"rendered":"<p>Wir sind Vertragswerkstatt f\u00fcr eine Vielzahl von Markenherstellern, insbesondere in den Bereichen Medizintechnik und Heimelektronik. Wir bieten Ihnen Reparatur- und Wartungsleistungen f\u00fcr: Laserbehandlungsger\u00e4te Magnettherapieger\u00e4te LCD-Fernseher und R\u00f6hrenger\u00e4te DVD-Player und Videorecorder Verst\u00e4rker und anderes Audioequipment B\u00fchnen- und Veranstaltungstechnik TFT-Displays, Monitore und Beamer Camcorder Computer und Spiele-Konsolen sonstige Unterhaltungselektronik und vieles mehr Sollte Ihr Ger\u00e4t hier nicht&hellip; <a class=\"more-link\" href=\"https:\/\/www.elektronik-menzel.de\/?page_id=20\"><span class=\"screen-reader-text\">Unsere Leistungen<\/span> weiterlesen<\/a><\/p>\n","protected":false},"author":1,"featured_media":0,"parent":0,"menu_order":0,"comment_status":"closed","ping_status":"closed","template":"","meta":{"footnotes":""},"class_list":["post-20","page","type-page","status-publish","hentry","entry"],"_links":{"self":[{"href":"https:\/\/www.elektronik-menzel.de\/index.php?rest_route=\/wp\/v2\/pages\/20","targetHints":{"allow":["GET"]}}],"collection":[{"href":"https:\/\/www.elektronik-menzel.de\/index.php?rest_route=\/wp\/v2\/pages"}],"about":[{"href":"https:\/\/www.elektronik-menzel.de\/index.php?rest_route=\/wp\/v2\/types\/page"}],"author":[{"embeddable":true,"href":"https:\/\/www.elektronik-menzel.de\/index.php?rest_route=\/wp\/v2\/users\/1"}],"replies":[{"embeddable":true,"href":"https:\/\/www.elektronik-menzel.de\/index.php?rest_route=%2Fwp%2Fv2%2Fcomments&post=20"}],"version-history":[{"count":4,"href":"https:\/\/www.elektronik-menzel.de\/index.php?rest_route=\/wp\/v2\/pages\/20\/revisions"}],"predecessor-version":[{"id":43,"href":"https:\/\/www.elektronik-menzel.de\/index.php?rest_route=\/wp\/v2\/pages\/20\/revisions\/43"}],"wp:attachment":[{"href":"https:\/\/www.elektronik-menzel.de\/index.php?rest_route=%2Fwp%2Fv2%2Fmedia&parent=20"}],"curies":[{"name":"wp","href":"https:\/\/api.w.org\/{rel}","templated":true}]}}